{"id":168,"date":"2020-11-07T18:41:02","date_gmt":"2020-11-07T17:41:02","guid":{"rendered":"https:\/\/rebelote-deco.fr\/?page_id=168"},"modified":"2023-12-21T08:28:51","modified_gmt":"2023-12-21T07:28:51","slug":"upcycling","status":"publish","type":"page","link":"https:\/\/rebelote-deco.fr\/index.php\/upcycling\/","title":{"rendered":"Upcycling"},"content":{"rendered":"<!-- Final Tiles Grid Gallery for WordPress v3.6.13 free --><style>#ftg-33 .tile .icon { color:#ffffff; }#ftg-33 .ftg-items .loading-bar i { background:#666; }#ftg-33 .ftg-items .loading-bar { background:#fff; }#ftg-33 .tile .icon { font-size:12px; }#ftg-33 .tile .icon { margin: -6px 0 0 -6px; }#ftg-33 .tile .caption-block .text-wrapper span.text { font-size:12px; }#ftg-33 .tile .caption-outside .text-wrapper span.text { font-size:12px; }#ftg-33 .tile .caption-block .text-wrapper span.title { font-size:14px; }#ftg-33 .tile .caption-outside .text-wrapper span.title { font-size:14px; }#ftg-33 .tile { background-color: transparent; }#ftg-33 .tile .caption-block .text-wrapper span.text { color: #ffffff; }#ftg-33 .tile .caption-block .text-wrapper span.title { color: #ffffff; }#ftg-33 .tile .caption-outside .text-wrapper span.text { color: #ffffff; }#ftg-33 .tile .caption-outside .text-wrapper span.title { color: #ffffff; }#ftg-33 .tile .ftg-social a { color: #ffffff; }#ftg-33 .tile .caption-block { transition-duration:0.25s; }#ftg-33 .tile .tile-inner:before { background-color: #000000; }#ftg-33 .tile .tile-inner:before { background-color: rgba(0, 0, 0, 0.8); }#ftg-33 .tile:hover img {-moz-transform: -moz-rotate(0deg) -moz-scale(0) ;-webkit-transform: -webkit-rotate(0deg) -webkit-scale(0) ;-o-transform: -o-rotate(0deg) -o-scale(0) ;-ms-transform: -ms-rotate(0deg) -ms-scale(0) ;transform: rotate(0deg) scale(0) ;}<\/style><a name=\"3\"><\/a><div class=\"final-tiles-gallery  ftg-hover-enabled caption-inside  caption-none caption-middle caption-center\" id=\"ftg-33\" style=\"width: 100%\"><div class='ftg-items'><div class='loading-bar'><i><\/i><\/div><div  class='tile ftg-preload  '><a title=\"Restauration de garde-robe\" data-lightbox='ftg-33' rel='ftg-33'  class=' tile-inner  ftg-lightbox' href='https:\/\/rebelote-deco.fr\/wp-content\/uploads\/2023\/09\/Restauration_GardeRobe-768x1024.jpg' ><img alt='Restauration de garde-robe' class='item skip-lazy' data-class='item' data-ftg-source='https:\/\/rebelote-deco.fr\/wp-content\/uploads\/2023\/09\/Restauration_GardeRobe-768x1024.jpg' src='https:\/\/rebelote-deco.fr\/wp-content\/uploads\/2023\/09\/Restauration_GardeRobe-768x1024.jpg' width='768' height='1024' \/><div class='caption-block'><div class='text-wrapper'><span class='title'>Restauration de garde-robe<\/span><span class='text'>Restauration traditionnelle d'une garde-robe<\/span><\/div><\/div><\/a><div class='ftg-social'><\/div><\/div><div  class='tile ftg-preload  '><a title=\"Restauration de lit\" data-lightbox='ftg-33' rel='ftg-33'  class=' tile-inner  ftg-lightbox' href='https:\/\/rebelote-deco.fr\/wp-content\/uploads\/2023\/09\/Restauration_Lit-768x1024.jpg' ><img alt='Restauration de lit' class='item skip-lazy' data-class='item' data-ftg-source='https:\/\/rebelote-deco.fr\/wp-content\/uploads\/2023\/09\/Restauration_Lit-768x1024.jpg' src='https:\/\/rebelote-deco.fr\/wp-content\/uploads\/2023\/09\/Restauration_Lit-768x1024.jpg' width='768' height='1024' \/><div class='caption-block'><div class='text-wrapper'><span class='title'>Restauration de lit<\/span><span class='text'>Restauration traditionnelle d'un lit en ch\u00eane<\/span><\/div><\/div><\/a><div class='ftg-social'><\/div><\/div><div  class='tile ftg-preload  '><a title=\"Restauration d&#039;un gu\u00e9ridon\" data-lightbox='ftg-33' rel='ftg-33'  class=' tile-inner  ftg-lightbox' href='https:\/\/rebelote-deco.fr\/wp-content\/uploads\/2023\/09\/Restauration_Gueridon-768x1024.jpg' ><img alt='Restauration d&#039;un gu\u00e9ridon' class='item skip-lazy' data-class='item' data-ftg-source='https:\/\/rebelote-deco.fr\/wp-content\/uploads\/2023\/09\/Restauration_Gueridon-768x1024.jpg' src='https:\/\/rebelote-deco.fr\/wp-content\/uploads\/2023\/09\/Restauration_Gueridon-768x1024.jpg' width='768' height='1024' \/><div class='caption-block'><div class='text-wrapper'><span class='title'>Restauration d'un gu\u00e9ridon<\/span><\/div><\/div><\/a><div class='ftg-social'><\/div><\/div><div  class='tile ftg-preload  '><a title=\"Restauration d&#039;un buffet parisien\" data-lightbox='ftg-33' rel='ftg-33'  class=' tile-inner  ftg-lightbox' href='https:\/\/rebelote-deco.fr\/wp-content\/uploads\/2023\/09\/Restauration_BuffetParisien-768x1024.jpg' ><img alt='Restauration d&#039;un buffet parisien' class='item skip-lazy' data-class='item' data-ftg-source='https:\/\/rebelote-deco.fr\/wp-content\/uploads\/2023\/09\/Restauration_BuffetParisien-768x1024.jpg' src='https:\/\/rebelote-deco.fr\/wp-content\/uploads\/2023\/09\/Restauration_BuffetParisien-768x1024.jpg' width='768' height='1024' \/><div class='caption-block'><div class='text-wrapper'><span class='title'>Restauration d'un buffet parisien<\/span><\/div><\/div><\/a><div class='ftg-social'><\/div><\/div><div  class='tile ftg-preload  '><a title=\"Restauration d&#039;un meuble de boucher\" data-lightbox='ftg-33' rel='ftg-33'  class=' tile-inner  ftg-lightbox' href='https:\/\/rebelote-deco.fr\/wp-content\/uploads\/2023\/09\/Restauration_MeubleBoucher-1024x768.jpg' ><img alt='Restauration d&#039;un meuble de boucher' class='item skip-lazy' data-class='item' data-ftg-source='https:\/\/rebelote-deco.fr\/wp-content\/uploads\/2023\/09\/Restauration_MeubleBoucher-1024x768.jpg' src='https:\/\/rebelote-deco.fr\/wp-content\/uploads\/2023\/09\/Restauration_MeubleBoucher-1024x768.jpg' width='1024' height='768' \/><div class='caption-block'><div class='text-wrapper'><span class='title'>Restauration d'un meuble de boucher<\/span><\/div><\/div><\/a><div class='ftg-social'><\/div><\/div><div  class='tile ftg-preload  '><a title=\"Chaise Louis XV - Avant\" data-lightbox='ftg-33' rel='ftg-33'  class=' tile-inner  ftg-lightbox' href='https:\/\/rebelote-deco.fr\/wp-content\/uploads\/2020\/11\/20201002_140646-502x1024.jpg' ><img alt='Chaise Louis XV - Avant' class='item skip-lazy' data-class='item' data-ftg-source='https:\/\/rebelote-deco.fr\/wp-content\/uploads\/2020\/11\/20201002_140646-502x1024.jpg' src='https:\/\/rebelote-deco.fr\/wp-content\/uploads\/2020\/11\/20201002_140646-502x1024.jpg' width='502' height='1024' \/><div class='caption-block'><div class='text-wrapper'><span class='title'>Chaise Louis XV - Avant<\/span><span class='text'>Restauration traditionnelle d&#039;une chaise Louis XV: cr\u00e9ation d&#039;un faux tenon, recollage des assemblages.<\/span><\/div><\/div><\/a><div class='ftg-social'><\/div><\/div><div  class='tile ftg-preload  '><a title=\"Chaise Louis XV - Apr\u00e8s\" data-lightbox='ftg-33' rel='ftg-33'  class=' tile-inner  ftg-lightbox' href='https:\/\/rebelote-deco.fr\/wp-content\/uploads\/2020\/11\/IGP5435-569x1024.jpg' ><img alt='Chaise Louis XV - Apr\u00e8s' class='item skip-lazy' data-class='item' data-ftg-source='https:\/\/rebelote-deco.fr\/wp-content\/uploads\/2020\/11\/IGP5435-569x1024.jpg' src='https:\/\/rebelote-deco.fr\/wp-content\/uploads\/2020\/11\/IGP5435-569x1024.jpg' width='569' height='1024' \/><div class='caption-block'><div class='text-wrapper'><span class='title'>Chaise Louis XV - Apr\u00e8s<\/span><span class='text'>Restauration traditionnelle d&#039;une chaise Louis XV: cr\u00e9ation d&#039;un faux tenon, recollage des assemblages.<\/span><\/div><\/div><\/a><div class='ftg-social'><\/div><\/div><div  class='tile ftg-preload  '><a title=\"Relooking buffet ann\u00e9es 50\" data-lightbox='ftg-33' rel='ftg-33'  class=' tile-inner  ftg-lightbox' href='https:\/\/rebelote-deco.fr\/wp-content\/uploads\/2020\/11\/IGP5429-685x1024.jpg' ><img alt='Relooking buffet ann\u00e9es 50' class='item skip-lazy' data-class='item' data-ftg-source='https:\/\/rebelote-deco.fr\/wp-content\/uploads\/2020\/11\/IGP5429-685x1024.jpg' src='https:\/\/rebelote-deco.fr\/wp-content\/uploads\/2020\/11\/IGP5429-685x1024.jpg' width='685' height='1024' \/><div class='caption-block'><div class='text-wrapper'><span class='title'>Relooking buffet ann\u00e9es 50<\/span><span class='text'>Relooking d&#039;un buffet ann\u00e9es 50 en bleu orage, pour le transformer en rangement de chambre d&#039;enfant.<\/span><\/div><\/div><\/a><div class='ftg-social'><\/div><\/div><div  class='tile ftg-preload  '><a title=\"Relooking buffet ann\u00e9es 50\" data-lightbox='ftg-33' rel='ftg-33'  class=' tile-inner  ftg-lightbox' href='https:\/\/rebelote-deco.fr\/wp-content\/uploads\/2020\/11\/IGP5416-685x1024.jpg' ><img alt='Relooking buffet ann\u00e9es 50' class='item skip-lazy' data-class='item' data-ftg-source='https:\/\/rebelote-deco.fr\/wp-content\/uploads\/2020\/11\/IGP5416-685x1024.jpg' src='https:\/\/rebelote-deco.fr\/wp-content\/uploads\/2020\/11\/IGP5416-685x1024.jpg' width='685' height='1024' \/><div class='caption-block'><div class='text-wrapper'><span class='title'>Relooking buffet ann\u00e9es 50<\/span><span class='text'>Relooking d&#039;un buffet ann\u00e9es 50 en bleu orage, pour le transformer en rangement de chambre d&#039;enfant.<\/span><\/div><\/div><\/a><div class='ftg-social'><\/div><\/div><div  class='tile ftg-preload  '><a title=\"Relooking chevet vintage\" data-lightbox='ftg-33' rel='ftg-33'  class=' tile-inner  ftg-lightbox' href='https:\/\/rebelote-deco.fr\/wp-content\/uploads\/2021\/03\/Rebelote_Restauration_ChevetJaune-768x1024.jpg' ><img alt='Relooking chevet vintage' class='item skip-lazy' data-class='item' data-ftg-source='https:\/\/rebelote-deco.fr\/wp-content\/uploads\/2021\/03\/Rebelote_Restauration_ChevetJaune-768x1024.jpg' src='https:\/\/rebelote-deco.fr\/wp-content\/uploads\/2021\/03\/Rebelote_Restauration_ChevetJaune-768x1024.jpg' width='768' height='1024' \/><div class='caption-block'><div class='text-wrapper'><span class='title'>Relooking chevet vintage<\/span><span class='text'>Relooking d&#039;un chevet vintage en jaune moutarde<\/span><\/div><\/div><\/a><div class='ftg-social'><\/div><\/div><div  class='tile ftg-preload  '><a title=\"Relooking chiffonnier\" data-lightbox='ftg-33' rel='ftg-33'  class=' tile-inner  ftg-lightbox' href='https:\/\/rebelote-deco.fr\/wp-content\/uploads\/2021\/03\/Rebelote_Restauration_Chiffonnier-576x1024.jpg' ><img alt='Relooking chiffonnier' class='item skip-lazy' data-class='item' data-ftg-source='https:\/\/rebelote-deco.fr\/wp-content\/uploads\/2021\/03\/Rebelote_Restauration_Chiffonnier-576x1024.jpg' src='https:\/\/rebelote-deco.fr\/wp-content\/uploads\/2021\/03\/Rebelote_Restauration_Chiffonnier-576x1024.jpg' width='576' height='1024' \/><div class='caption-block'><div class='text-wrapper'><span class='title'>Relooking chiffonnier<\/span><span class='text'>Relooking d&#039;un chiffonnier inspiration Louis XV : d\u00e9capage, changement des poign\u00e9es, peinture blanches sur le corps du meuble.<\/span><\/div><\/div><\/a><div class='ftg-social'><\/div><\/div><div  class='tile ftg-preload  '><a title=\"Relooking buffet en ch\u00eane\" data-lightbox='ftg-33' rel='ftg-33'  class=' tile-inner  ftg-lightbox' href='https:\/\/rebelote-deco.fr\/wp-content\/uploads\/2021\/07\/Rebelote_Restauration_Buffet_Chene-855x1024.jpg' ><img alt='Relooking buffet en ch\u00eane' class='item skip-lazy' data-class='item' data-ftg-source='https:\/\/rebelote-deco.fr\/wp-content\/uploads\/2021\/07\/Rebelote_Restauration_Buffet_Chene-855x1024.jpg' src='https:\/\/rebelote-deco.fr\/wp-content\/uploads\/2021\/07\/Rebelote_Restauration_Buffet_Chene-855x1024.jpg' width='855' height='1024' \/><div class='caption-block'><div class='text-wrapper'><span class='title'>Relooking buffet en ch\u00eane<\/span><span class='text'>Modernisation d&#039;un buffet en ch\u00eane. Le meuble a \u00e9t\u00e9 d\u00e9cap\u00e9, et peint en partie en noir. L&#039;ensemble a \u00e9t\u00e9 vernis.<\/span><\/div><\/div><\/a><div class='ftg-social'><\/div><\/div><div  class='tile ftg-preload  '><a title=\"20211220_141529\" data-lightbox='ftg-33' rel='ftg-33'  class=' tile-inner  ftg-lightbox' href='https:\/\/rebelote-deco.fr\/wp-content\/uploads\/2021\/12\/20211220_141529-1024x768.jpg' ><img alt='20211220_141529' class='item skip-lazy' data-class='item' data-ftg-source='https:\/\/rebelote-deco.fr\/wp-content\/uploads\/2021\/12\/20211220_141529-1024x768.jpg' src='https:\/\/rebelote-deco.fr\/wp-content\/uploads\/2021\/12\/20211220_141529-1024x768.jpg' width='1024' height='768' \/><div class='caption-block'><div class='text-wrapper'><span class='title'>20211220_141529<\/span><\/div><\/div><\/a><div class='ftg-social'><\/div><\/div><div  class='tile ftg-preload  '><a title=\"20211221_090125\" data-lightbox='ftg-33' rel='ftg-33'  class=' tile-inner  ftg-lightbox' href='https:\/\/rebelote-deco.fr\/wp-content\/uploads\/2021\/12\/20211221_090125-1024x768.jpg' ><img alt='20211221_090125' class='item skip-lazy' data-class='item' data-ftg-source='https:\/\/rebelote-deco.fr\/wp-content\/uploads\/2021\/12\/20211221_090125-1024x768.jpg' src='https:\/\/rebelote-deco.fr\/wp-content\/uploads\/2021\/12\/20211221_090125-1024x768.jpg' width='1024' height='768' \/><div class='caption-block'><div class='text-wrapper'><span class='title'>20211221_090125<\/span><\/div><\/div><\/a><div class='ftg-social'><\/div><\/div><div  class='tile ftg-preload  '><a title=\"IMG_3126\" data-lightbox='ftg-33' rel='ftg-33'  class=' tile-inner  ftg-lightbox' href='https:\/\/rebelote-deco.fr\/wp-content\/uploads\/2021\/12\/IMG_3126-768x1024.jpg' ><img alt='IMG_3126' class='item skip-lazy' data-class='item' data-ftg-source='https:\/\/rebelote-deco.fr\/wp-content\/uploads\/2021\/12\/IMG_3126-768x1024.jpg' src='https:\/\/rebelote-deco.fr\/wp-content\/uploads\/2021\/12\/IMG_3126-768x1024.jpg' width='768' height='1024' \/><div class='caption-block'><div class='text-wrapper'><span class='title'>IMG_3126<\/span><\/div><\/div><\/a><div class='ftg-social'><\/div><\/div><div  class='tile ftg-preload  '><a title=\"Relooking travailleuse\" data-lightbox='ftg-33' rel='ftg-33'  class=' tile-inner  ftg-lightbox' href='https:\/\/rebelote-deco.fr\/wp-content\/uploads\/2020\/11\/20200406_182757_001-576x1024.jpg' ><img alt='Relooking travailleuse' class='item skip-lazy' data-class='item' data-ftg-source='https:\/\/rebelote-deco.fr\/wp-content\/uploads\/2020\/11\/20200406_182757_001-576x1024.jpg' src='https:\/\/rebelote-deco.fr\/wp-content\/uploads\/2020\/11\/20200406_182757_001-576x1024.jpg' width='576' height='1024' \/><div class='caption-block'><div class='text-wrapper'><span class='title'>Relooking travailleuse<\/span><span class='text'>Relooking de travailleuse en noir. Changement de la quincaillerie.<\/span><\/div><\/div><\/a><div class='ftg-social'><\/div><\/div><div  class='tile ftg-preload  '><a title=\"Relooking Buffet\" data-lightbox='ftg-33' rel='ftg-33'  class=' tile-inner  ftg-lightbox' href='https:\/\/rebelote-deco.fr\/wp-content\/uploads\/2020\/11\/IGP4709-697x1024.jpg' ><img alt='Relooking Buffet' class='item skip-lazy' data-class='item' data-ftg-source='https:\/\/rebelote-deco.fr\/wp-content\/uploads\/2020\/11\/IGP4709-697x1024.jpg' src='https:\/\/rebelote-deco.fr\/wp-content\/uploads\/2020\/11\/IGP4709-697x1024.jpg' width='697' height='1024' \/><div class='caption-block'><div class='text-wrapper'><span class='title'>Relooking Buffet<\/span><span class='text'>Relooking d&#039;un buffet ann\u00e9es 60 en blanc et vert sauge. Modification des vitres<\/span><\/div><\/div><\/a><div class='ftg-social'><\/div><\/div><\/div><\/div>\n","protected":false},"excerpt":{"rendered":"","protected":false},"author":1,"featured_media":0,"parent":0,"menu_order":0,"comment_status":"closed","ping_status":"closed","template":"","meta":{"footnotes":""},"class_list":["post-168","page","type-page","status-publish","hentry"],"yoast_head":"<!-- This site is optimized with the Yoast SEO plugin v27.4 - https:\/\/yoast.com\/product\/yoast-seo-wordpress\/ -->\n<title>Restauration et transformation de meubles anciens<\/title>\n<meta name=\"description\" content=\"Rebelote restaure et transforme vos meubles de famille, pour leur donner une seconde vie !\" \/>\n<meta name=\"robots\" content=\"index, follow, max-snippet:-1, max-image-preview:large, max-video-preview:-1\" \/>\n<link rel=\"canonical\" href=\"https:\/\/rebelote-deco.fr\/index.php\/upcycling\/\" \/>\n<meta property=\"og:locale\" content=\"fr_FR\" \/>\n<meta property=\"og:type\" content=\"article\" \/>\n<meta property=\"og:title\" content=\"Restauration et transformation de meubles anciens\" \/>\n<meta property=\"og:description\" content=\"Rebelote restaure et transforme vos meubles de famille, pour leur donner une seconde vie !\" \/>\n<meta property=\"og:url\" content=\"https:\/\/rebelote-deco.fr\/index.php\/upcycling\/\" \/>\n<meta property=\"og:site_name\" content=\"Rebelote\" \/>\n<meta property=\"article:modified_time\" content=\"2023-12-21T07:28:51+00:00\" \/>\n<meta name=\"twitter:card\" content=\"summary_large_image\" \/>\n<meta name=\"twitter:label1\" content=\"Dur\u00e9e de lecture estim\u00e9e\" \/>\n\t<meta name=\"twitter:data1\" content=\"1 minute\" \/>\n<script type=\"application\/ld+json\" class=\"yoast-schema-graph\">{\"@context\":\"https:\\\/\\\/schema.org\",\"@graph\":[{\"@type\":\"WebPage\",\"@id\":\"https:\\\/\\\/rebelote-deco.fr\\\/index.php\\\/upcycling\\\/\",\"url\":\"https:\\\/\\\/rebelote-deco.fr\\\/index.php\\\/upcycling\\\/\",\"name\":\"Restauration et transformation de meubles anciens\",\"isPartOf\":{\"@id\":\"https:\\\/\\\/rebelote-deco.fr\\\/#website\"},\"datePublished\":\"2020-11-07T17:41:02+00:00\",\"dateModified\":\"2023-12-21T07:28:51+00:00\",\"description\":\"Rebelote restaure et transforme vos meubles de famille, pour leur donner une seconde vie !\",\"breadcrumb\":{\"@id\":\"https:\\\/\\\/rebelote-deco.fr\\\/index.php\\\/upcycling\\\/#breadcrumb\"},\"inLanguage\":\"fr-FR\",\"potentialAction\":[{\"@type\":\"ReadAction\",\"target\":[\"https:\\\/\\\/rebelote-deco.fr\\\/index.php\\\/upcycling\\\/\"]}]},{\"@type\":\"BreadcrumbList\",\"@id\":\"https:\\\/\\\/rebelote-deco.fr\\\/index.php\\\/upcycling\\\/#breadcrumb\",\"itemListElement\":[{\"@type\":\"ListItem\",\"position\":1,\"name\":\"Accueil\",\"item\":\"https:\\\/\\\/rebelote-deco.fr\\\/\"},{\"@type\":\"ListItem\",\"position\":2,\"name\":\"Upcycling\"}]},{\"@type\":\"WebSite\",\"@id\":\"https:\\\/\\\/rebelote-deco.fr\\\/#website\",\"url\":\"https:\\\/\\\/rebelote-deco.fr\\\/\",\"name\":\"Rebelote\",\"description\":\"Le bois dans tous ses \u00e9clats\",\"potentialAction\":[{\"@type\":\"SearchAction\",\"target\":{\"@type\":\"EntryPoint\",\"urlTemplate\":\"https:\\\/\\\/rebelote-deco.fr\\\/?s={search_term_string}\"},\"query-input\":{\"@type\":\"PropertyValueSpecification\",\"valueRequired\":true,\"valueName\":\"search_term_string\"}}],\"inLanguage\":\"fr-FR\"}]}<\/script>\n<!-- \/ Yoast SEO plugin. -->","yoast_head_json":{"title":"Restauration et transformation de meubles anciens","description":"Rebelote restaure et transforme vos meubles de famille, pour leur donner une seconde vie !","robots":{"index":"index","follow":"follow","max-snippet":"max-snippet:-1","max-image-preview":"max-image-preview:large","max-video-preview":"max-video-preview:-1"},"canonical":"https:\/\/rebelote-deco.fr\/index.php\/upcycling\/","og_locale":"fr_FR","og_type":"article","og_title":"Restauration et transformation de meubles anciens","og_description":"Rebelote restaure et transforme vos meubles de famille, pour leur donner une seconde vie !","og_url":"https:\/\/rebelote-deco.fr\/index.php\/upcycling\/","og_site_name":"Rebelote","article_modified_time":"2023-12-21T07:28:51+00:00","twitter_card":"summary_large_image","twitter_misc":{"Dur\u00e9e de lecture estim\u00e9e":"1 minute"},"schema":{"@context":"https:\/\/schema.org","@graph":[{"@type":"WebPage","@id":"https:\/\/rebelote-deco.fr\/index.php\/upcycling\/","url":"https:\/\/rebelote-deco.fr\/index.php\/upcycling\/","name":"Restauration et transformation de meubles anciens","isPartOf":{"@id":"https:\/\/rebelote-deco.fr\/#website"},"datePublished":"2020-11-07T17:41:02+00:00","dateModified":"2023-12-21T07:28:51+00:00","description":"Rebelote restaure et transforme vos meubles de famille, pour leur donner une seconde vie !","breadcrumb":{"@id":"https:\/\/rebelote-deco.fr\/index.php\/upcycling\/#breadcrumb"},"inLanguage":"fr-FR","potentialAction":[{"@type":"ReadAction","target":["https:\/\/rebelote-deco.fr\/index.php\/upcycling\/"]}]},{"@type":"BreadcrumbList","@id":"https:\/\/rebelote-deco.fr\/index.php\/upcycling\/#breadcrumb","itemListElement":[{"@type":"ListItem","position":1,"name":"Accueil","item":"https:\/\/rebelote-deco.fr\/"},{"@type":"ListItem","position":2,"name":"Upcycling"}]},{"@type":"WebSite","@id":"https:\/\/rebelote-deco.fr\/#website","url":"https:\/\/rebelote-deco.fr\/","name":"Rebelote","description":"Le bois dans tous ses \u00e9clats","potentialAction":[{"@type":"SearchAction","target":{"@type":"EntryPoint","urlTemplate":"https:\/\/rebelote-deco.fr\/?s={search_term_string}"},"query-input":{"@type":"PropertyValueSpecification","valueRequired":true,"valueName":"search_term_string"}}],"inLanguage":"fr-FR"}]}},"jetpack_sharing_enabled":true,"_links":{"self":[{"href":"https:\/\/rebelote-deco.fr\/index.php\/wp-json\/wp\/v2\/pages\/168","targetHints":{"allow":["GET"]}}],"collection":[{"href":"https:\/\/rebelote-deco.fr\/index.php\/wp-json\/wp\/v2\/pages"}],"about":[{"href":"https:\/\/rebelote-deco.fr\/index.php\/wp-json\/wp\/v2\/types\/page"}],"author":[{"embeddable":true,"href":"https:\/\/rebelote-deco.fr\/index.php\/wp-json\/wp\/v2\/users\/1"}],"replies":[{"embeddable":true,"href":"https:\/\/rebelote-deco.fr\/index.php\/wp-json\/wp\/v2\/comments?post=168"}],"version-history":[{"count":2,"href":"https:\/\/rebelote-deco.fr\/index.php\/wp-json\/wp\/v2\/pages\/168\/revisions"}],"predecessor-version":[{"id":209,"href":"https:\/\/rebelote-deco.fr\/index.php\/wp-json\/wp\/v2\/pages\/168\/revisions\/209"}],"wp:attachment":[{"href":"https:\/\/rebelote-deco.fr\/index.php\/wp-json\/wp\/v2\/media?parent=168"}],"curies":[{"name":"wp","href":"https:\/\/api.w.org\/{rel}","templated":true}]}}